{"id":3422,"date":"2024-04-05T11:35:53","date_gmt":"2024-04-05T09:35:53","guid":{"rendered":"https:\/\/www.klingenberg.designery-s8.de\/imprint\/"},"modified":"2026-03-30T11:44:46","modified_gmt":"2026-03-30T09:44:46","slug":"imprint","status":"publish","type":"page","link":"https:\/\/www.markusklingenberg.de\/en\/imprint\/","title":{"rendered":"Imprint"},"content":{"rendered":"<style>.kb-row-layout-wrap.wp-block-kadence-rowlayout.kb-row-layout-id3422_1dd137-3a{margin-top:0px;margin-bottom:0px;}.kb-row-layout-id3422_1dd137-3a > .kt-row-column-wrap{align-content:start;}:where(.kb-row-layout-id3422_1dd137-3a > .kt-row-column-wrap) > .wp-block-kadence-column{justify-content:start;}.kb-row-layout-id3422_1dd137-3a > .kt-row-column-wrap{column-gap:var(--global-kb-gap-md, 2rem);row-gap:var(--global-kb-gap-none, 0rem );padding-top:15px;padding-right:0px;padding-bottom:15px;padding-left:0px;grid-template-columns:minmax(0, 1fr);}.kb-row-layout-id3422_1dd137-3a > .kt-row-layout-overlay{opacity:0.30;}@media all and (max-width: 1024px){.kb-row-layout-wrap.wp-block-kadence-rowlayout.kb-row-layout-id3422_1dd137-3a{margin-top:0px;margin-bottom:0px;}}@media all and (max-width: 1024px){.kb-row-layout-id3422_1dd137-3a > .kt-row-column-wrap{row-gap:var(--global-kb-gap-none, 0rem );padding-top:15px;padding-right:0px;padding-bottom:15px;padding-left:0px;grid-template-columns:minmax(0, 1fr);}}@media all and (max-width: 767px){.kb-row-layout-wrap.wp-block-kadence-rowlayout.kb-row-layout-id3422_1dd137-3a{margin-top:0px;margin-bottom:0px;}.kb-row-layout-id3422_1dd137-3a > .kt-row-column-wrap{row-gap:var(--global-kb-gap-none, 0rem );padding-top:15px;padding-right:15px;padding-bottom:15px;padding-left:15px;grid-template-columns:minmax(0, 1fr);}}<\/style><div class=\"kb-row-layout-wrap kb-row-layout-id3422_1dd137-3a alignfull has-theme-palette6-background-color kt-row-has-bg wp-block-kadence-rowlayout\"><div class=\"kt-row-column-wrap kt-has-1-columns kt-row-layout-equal kt-tab-layout-inherit kt-mobile-layout-row kt-row-valign-top\">\n<style>.kadence-column3422_193906-ce > .kt-inside-inner-col,.kadence-column3422_193906-ce > .kt-inside-inner-col:before{border-top-left-radius:0px;border-top-right-radius:0px;border-bottom-right-radius:0px;border-bottom-left-radius:0px;}.kadence-column3422_193906-ce > .kt-inside-inner-col{column-gap:var(--global-kb-gap-sm, 1rem);}.kadence-column3422_193906-ce > .kt-inside-inner-col{flex-direction:column;}.kadence-column3422_193906-ce > .kt-inside-inner-col > .aligncenter{width:100%;}.kadence-column3422_193906-ce > .kt-inside-inner-col:before{opacity:0.3;}.kadence-column3422_193906-ce{position:relative;}@media all and (max-width: 1024px){.kadence-column3422_193906-ce > .kt-inside-inner-col{flex-direction:column;justify-content:center;}}@media all and (max-width: 767px){.kadence-column3422_193906-ce > .kt-inside-inner-col{flex-direction:column;justify-content:center;}}<\/style>\n<div class=\"wp-block-kadence-column kadence-column3422_193906-ce\"><div class=\"kt-inside-inner-col\"><style>.wp-block-kadence-image.kb-image3422_a36d18-62:not(.kb-specificity-added):not(.kb-extra-specificity-added){margin-top:0px;margin-bottom:0px;}.kb-image3422_a36d18-62:not(.kb-image-is-ratio-size) .kb-img, .kb-image3422_a36d18-62.kb-image-is-ratio-size{padding-top:0px;padding-right:0px;padding-bottom:10px;padding-left:0px;}.kb-image3422_a36d18-62 .kb-image-has-overlay:after{opacity:0.3;}<\/style>\n<div class=\"wp-block-kadence-image kb-image3422_a36d18-62\"><figure class=\"aligncenter size-full\"><img loading=\"lazy\" decoding=\"async\" width=\"380\" height=\"65\" src=\"https:\/\/www.markusklingenberg.de\/wp-content\/uploads\/signature.webp\" alt=\"Knorpel Doc - Dr. med. Markus Klingenberg\" class=\"kb-img wp-image-637\" srcset=\"https:\/\/www.markusklingenberg.de\/wp-content\/uploads\/signature.webp 380w, https:\/\/www.markusklingenberg.de\/wp-content\/uploads\/signature-300x51.webp 300w\" sizes=\"auto, (max-width: 380px) 100vw, 380px\" \/><\/figure><\/div>\n\n\n<style>.wp-block-kadence-advancedheading.kt-adv-heading3422_cc9185-4b, .wp-block-kadence-advancedheading.kt-adv-heading3422_cc9185-4b[data-kb-block=\"kb-adv-heading3422_cc9185-4b\"]{padding-top:0px;padding-right:0px;padding-bottom:0px;padding-left:0px;margin-top:0px;margin-right:0px;margin-bottom:0px;margin-left:0px;text-align:center;font-size:18px;font-style:normal;}.wp-block-kadence-advancedheading.kt-adv-heading3422_cc9185-4b mark.kt-highlight, .wp-block-kadence-advancedheading.kt-adv-heading3422_cc9185-4b[data-kb-block=\"kb-adv-heading3422_cc9185-4b\"] mark.kt-highlight{font-style:normal;color:#f76a0c;-webkit-box-decoration-break:clone;box-decoration-break:clone;padding-top:0px;padding-right:0px;padding-bottom:0px;padding-left:0px;}.wp-block-kadence-advancedheading.kt-adv-heading3422_cc9185-4b img.kb-inline-image, .wp-block-kadence-advancedheading.kt-adv-heading3422_cc9185-4b[data-kb-block=\"kb-adv-heading3422_cc9185-4b\"] img.kb-inline-image{width:150px;vertical-align:baseline;}@media all and (max-width: 1024px){.wp-block-kadence-advancedheading.kt-adv-heading3422_cc9185-4b, .wp-block-kadence-advancedheading.kt-adv-heading3422_cc9185-4b[data-kb-block=\"kb-adv-heading3422_cc9185-4b\"]{font-size:18px;}}@media all and (max-width: 767px){.wp-block-kadence-advancedheading.kt-adv-heading3422_cc9185-4b, .wp-block-kadence-advancedheading.kt-adv-heading3422_cc9185-4b[data-kb-block=\"kb-adv-heading3422_cc9185-4b\"]{font-size:13px;}}<\/style>\n<h5 class=\"kt-adv-heading3422_cc9185-4b wp-block-kadence-advancedheading has-theme-palette-8-color has-text-color\" data-kb-block=\"kb-adv-heading3422_cc9185-4b\" data-aos=\"zoom-in\" data-aos-duration=\"750\" data-aos-delay=\"150\" data-aos-easing=\"ease-out-back\">  &#8220;The cartilage doc&#8221; &#8211; preserving joints instead of replacing them<\/h5>\n<\/div><\/div>\n\n<\/div><\/div>\n\n<style>.kb-row-layout-wrap.wp-block-kadence-rowlayout.kb-row-layout-id3422_cb07aa-57{margin-top:0px;margin-bottom:0px;}.kb-row-layout-id3422_cb07aa-57 > .kt-row-column-wrap{align-content:start;}:where(.kb-row-layout-id3422_cb07aa-57 > .kt-row-column-wrap) > .wp-block-kadence-column{justify-content:start;}.kb-row-layout-id3422_cb07aa-57 > .kt-row-column-wrap{column-gap:var(--global-kb-gap-md, 2rem);row-gap:var(--global-kb-gap-none, 0rem );padding-top:60px;padding-bottom:30px;grid-template-columns:minmax(0, 1fr);}.kb-row-layout-id3422_cb07aa-57 > .kt-row-layout-overlay{opacity:0.30;}@media all and (max-width: 1024px){.kb-row-layout-wrap.wp-block-kadence-rowlayout.kb-row-layout-id3422_cb07aa-57{margin-top:0px;margin-bottom:0px;}}@media all and (max-width: 1024px){.kb-row-layout-id3422_cb07aa-57 > .kt-row-column-wrap{padding-top:40px;padding-bottom:40px;grid-template-columns:minmax(0, 1fr);}}@media all and (max-width: 767px){.kb-row-layout-wrap.wp-block-kadence-rowlayout.kb-row-layout-id3422_cb07aa-57{margin-top:0px;margin-bottom:0px;}.kb-row-layout-id3422_cb07aa-57 > .kt-row-column-wrap{column-gap:var(--global-kb-gap-none, 0rem );row-gap:var(--global-kb-gap-md, 2rem);padding-top:20px;padding-right:20px;padding-bottom:20px;padding-left:20px;grid-template-columns:minmax(0, 1fr);}.kb-row-layout-id3422_cb07aa-57 > .kt-row-column-wrap > .wp-block-kadence-column:nth-child(1 of *:not(style)){order:1;}.kb-row-layout-id3422_cb07aa-57 > .kt-row-column-wrap > .wp-block-kadence-column:nth-child(2 of *:not(style)){order:11;}.kb-row-layout-id3422_cb07aa-57 > .kt-row-column-wrap > .wp-block-kadence-column:nth-child(3 of *:not(style)){order:21;}.kb-row-layout-id3422_cb07aa-57 > .kt-row-column-wrap > .wp-block-kadence-column:nth-child(4 of *:not(style)){order:31;}}<\/style><div class=\"kb-row-layout-wrap kb-row-layout-id3422_cb07aa-57 alignnone wp-block-kadence-rowlayout\" id=\"buch\"><div class=\"kt-row-column-wrap kt-has-1-columns kt-row-layout-equal kt-tab-layout-inherit kt-mobile-layout-row kt-row-valign-top\">\n<style>.kadence-column3422_b3b1e8-3a > .kt-inside-inner-col,.kadence-column3422_b3b1e8-3a > .kt-inside-inner-col:before{border-top-left-radius:0px;border-top-right-radius:0px;border-bottom-right-radius:0px;border-bottom-left-radius:0px;}.kadence-column3422_b3b1e8-3a > .kt-inside-inner-col{column-gap:var(--global-kb-gap-sm, 1rem);}.kadence-column3422_b3b1e8-3a > .kt-inside-inner-col{flex-direction:column;}.kadence-column3422_b3b1e8-3a > .kt-inside-inner-col > .aligncenter{width:100%;}.kadence-column3422_b3b1e8-3a > .kt-inside-inner-col:before{opacity:0.3;}.kadence-column3422_b3b1e8-3a{position:relative;}@media all and (max-width: 1024px){.kadence-column3422_b3b1e8-3a > .kt-inside-inner-col{flex-direction:column;justify-content:center;}}@media all and (max-width: 767px){.kadence-column3422_b3b1e8-3a > .kt-inside-inner-col{flex-direction:column;justify-content:center;}}<\/style>\n<div class=\"wp-block-kadence-column kadence-column3422_b3b1e8-3a\"><div class=\"kt-inside-inner-col\"><p style=\"text-align: center;\"><strong>Impressum<\/strong><\/p>\r\n<p><strong><br \/>Diensteanbieter<\/strong><\/p>\r\n<!-- AG - Anfang -->\r\n<!-- AG - Ende -->\r\n<!-- eK - Anfang -->\r\n<!-- eK - Ende -->\r\n<!-- eV - Anfang -->\r\n<!-- eV - Ende -->\r\n<!-- eG - Anfang -->\r\n<!-- eG - Ende -->\r\n<!-- Einzelunternehmer - Anfang -->\r\n \r\n<p>\r\nDr. Markus  Klingenberg <\/p>\r\n<!-- Einzelunternehmer - Ende -->\r\n<!-- gGmbH - Anfang -->\r\n<!-- gGmbH - Ende -->\r\n<!-- GbR - Anfang -->\r\n<!-- GbR - Ende -->\r\n<!-- GmbH - Anfang -->\r\n<!-- GmbH - Ende -->\r\n<!-- GmbH_Co - Anfang -->\r\n<!-- GmbH_Co - Ende -->\r\n<!-- KG - Anfang -->\r\n<!-- KG - Ende -->\r\n<!-- KGaA - Anfang -->\r\n<!-- KGaA - Ende -->\r\n<!-- oHG - Anfang -->\r\n<!-- oHG - Ende -->\r\n<!-- PartG - Anfang -->\r\n<!-- PartG - Ende -->\r\n<!-- PartGmbB - Anfang -->\r\n<!-- PartGmbB - Ende -->\r\n<!-- UG - Anfang -->\r\n<!-- UG - Ende -->\r\n<!-- UG_Co - Anfang -->\r\n<!-- UG_Co - Ende -->\r\n<!-- Kapital - Anfang -->\r\n<!-- Kapital - Ende -->\r\n<!-- Insolvenz - Anfang -->\r\n<!-- Insolvenz - Ende -->\r\n<!-- Anschrift & Kontaktdaten - Anfang -->\r\n<p><strong><br \/>Anschrift & Kontaktdaten<\/strong><\/p>\r\n<p>\r\nJosef-Schumpeter- Allee 15<br \/>53227 Bonn<\/p>\r\n<p>\r\nTelefon: 228 9090750<br \/>Fax: 0228 90907511<br \/>Mail: markus.klingenberg@betaklinik.de<\/p>\r\n<!-- Anschrift & Kontaktdaten - Ende -->\r\n<!-- Aufsichtsbeh\u00f6rde - Anfang -->\r\n \r\n<p><strong><br \/>Aufsichtsbeh\u00f6rde<\/strong><\/p>\r\n<p>\r\nNachfolgend finden Sie die f\u00fcr uns zust\u00e4ndige Aufsichtsbeh\u00f6rde:\r\n<br \/>Kassen\u00e4rztliche Vereinigung Nordrhein<br \/>Tersteegenstr. 9<br \/>40474 D\u00fcsseldorf<br \/>Website: <a href=\"http:\/\/www.kvno.de\/\" target=\"new\" rel=\"noopener\">http:\/\/www.kvno.de\/<\/a>\r\n<\/p>\r\n<!-- Aufsichtsbeh\u00f6rde - Ende -->\r\n<!-- Register - Anfang -->\r\n\r\n\r\n\r\n\r\n\r\n\r\n\r\n\r\n\r\n\r\n\r\n\r\n<!-- Register - Ende -->\r\n<!-- Berufsrecht - Anfang -->\r\n \r\n<p><strong><br \/>Berufsrechtliche Angaben<\/strong><\/p>\r\n<p>\r\nNachfolgend finden Sie die f\u00fcr uns zust\u00e4ndige Kammer:\r\n<br \/>\u00c4rztekammer Nordrhein<br \/>Tersteegenstr. 9<br \/>40474  D\u00fcsseldorf<br \/>Website: <a href=\"https:\/\/www.aekno.de\" target=\"new\" rel=\"noopener\">https:\/\/www.aekno.de<\/a>\r\n<\/p>\r\n<p>\r\nDie gesetzliche Berufsbezeichnung lautet:\r\n<br \/>Facharzt\/Fach\u00e4rztin f\u00fcr Orthop\u00e4die und Unfallchirurgie<\/p>\r\n<p>\r\nDie Berufsbezeichnung wurde in Deutschland verliehen.\r\n<\/p>\r\n<p>\r\nEs gelten folgende berufsrechtliche Regelungen:\r\n<br \/>Berufsordnung der \u00c4rztekammer Nordrhein, Heilberufsgesetz NRW<\/p>\r\n<p>\r\nDie berufsrechtlichen Regelungen sind hier abrufbar:<br \/> \r\n<a href=\"https:\/\/www.aekno.de\/patienten\/recht\/berufsordnung\" target=\"new\" rel=\"noopener\">https:\/\/www.aekno.de\/patienten\/recht\/berufsordnung<\/a><br \/><\/p>\r\n<!-- Berufsrecht - Ende -->\r\n<!-- Identifikationsnummern - Anfang -->\r\n \r\n<p><strong><br \/>Umsatzsteuer-Identifikationsnummer<\/strong><\/p>\r\n<p>\r\nDE253951426<\/p>\r\n<!-- Identifikationsnummern - Ende -->\r\n<!-- Medienstaatsvertrag - Anfang -->\r\n \r\n<p><strong><br \/>Journalistisch-redaktionell Verantwortlicher<\/strong><\/p>\r\n<p>\r\nDr. Markus Klingenberg<br \/>Josef-Schumpeter- Allee 15<br \/>53227Bonn<\/p>\r\n<!-- Medienstaatsvertrag - Ende -->\r\n<!-- Streitbeilegung - Anfang -->\r\n<p><strong><br \/>Streitbeilegung<\/strong><\/p>\r\n \r\n<p>Zur Teilnahme an einem Streitbeilegungsverfahren vor einer Verbraucherschlichtungsstelle sind wir nicht bereit und nicht verpflichtet.<\/p>\r\n<!-- Streitbeilegung - Ende -->\r\n<!-- Berufshaftpflichtversicherung - Angfang -->\r\n<!-- Berufshaftpflichtversicherung - Ende -->\r\n<!-- Audiovisuelle Mediendienste - Anfang -->\r\n<!-- Audiovisuelle Mediendienste - Ende -->\r\n<!-- Social-Media-Pr\u00e4senzen - Anfang -->\r\n<!-- Social-Media-Pr\u00e4senzen - Ende -->\r\n<!-- Weitere Informationen - Anfang -->\r\n \r\n<p><strong><br \/>Zust\u00e4ndige Kassen\u00e4rztliche Vereinigung und Aufsichtsbeh\u00f6rde f\u00fcr Vertrags\u00e4rzte<\/strong><\/p>\r\n<p>Kassen\u00e4rztliche Vereinigung Nordrhein<br \/>Tersteegenstr. 9<br \/>40474 D\u00fcsseldorf<br \/>E-Mail: kvno.hauptstelle@kvno.de<br \/>Tel.: &#40;02 11&#41; 59 70 - 0<br \/>Fax: &#40;02 11&#41; 59 70 - 82 87<br \/>Website: http:\/\/www.kvno.de\/<\/p>\r\n<p><strong><br \/>Bildquellen<\/strong><\/p>\r\n<p>&#35;599188192 \/ Peakstock \/ stock.adobe.com<br \/>&#35;65190174 \/ Sagittaria \/ stock.adobe.com<br \/>&#35;137124873 \/ peterschreiber.media \/ stock.adobe.com<br \/>&#35;121452372 \/ peterschreiber.media \/ stock.adobe.com<br \/>&#35;710569822 \/ ANStudio \/ stock.adobe.com<br \/>&#35;51261865 \/ peterschreiber.media \/ stock.adobe.com<br \/>&#35;680200630 \/ John \/ stock.adobe.com<br \/>&#35;126565911 \/ contrastwerkstatt \/ stock.adobe.com<br \/>&#35;251551794 \/ shidlovski \/ stock.adobe.com<br \/>&#35;569635005 \/ AGPhotography \/ stock.adobe.com<br \/>&#35;443564697 \/ HENADZY \/ stock.adobe.com<br \/>&#35;57156859 \/ Adam Gregor \/ stock.adobe.com<br \/>&#35;72588421 \/ Adam Gregor \/ stock.adobe.com<br \/>&#35;92207444 \/ timkeweritsch \/ stock.adobe.com<br \/>&#35;323556913 \/ Svitlana \/ stock.adobe.com<br \/>&#35;730186100 \/ SerPak \/ stock.adobe.com<br \/>&#35;168542867 \/ Jukka \/ stock.adobe.com<br \/>&#35;633409397 \/ Mr. Music \/ stock.adobe.com<br \/>&#35;314855845 \/ dusanpetkovic1 \/ stock.adobe.com<br \/>&#35;418874697 \/ Alex from the Rock \/ stock.adobe.com<br \/>&#35;91819389 \/ XtravaganT \/ stock.adobe.com<br \/>&#35;60119891 \/ Andrey Popov \/ stock.adobe.com<\/p>\r\n<!-- Weitere Informationen - Ende -->\r\n<!-- Hinweis auf getLaw - Anfang -->\r\n<!-- Hinweis auf getLaw - Anfang -->\r\n\n<\/div><\/div>\n\n<\/div><\/div><span class=\"kt-load-after-post\"><\/span>","protected":false},"excerpt":{"rendered":"<p>&#8220;The cartilage doc&#8221; &#8211; preserving joints instead of replacing them<\/p>\n","protected":false},"author":1,"featured_media":0,"parent":0,"menu_order":0,"comment_status":"closed","ping_status":"open","template":"","meta":{"_kad_blocks_custom_css":"","_kad_blocks_head_custom_js":"","_kad_blocks_body_custom_js":"","_kad_blocks_footer_custom_js":"","_kad_post_transparent":"","_kad_post_title":"","_kad_post_layout":"","_kad_post_sidebar_id":"","_kad_post_content_style":"","_kad_post_vertical_padding":"","_kad_post_feature":"","_kad_post_feature_position":"","_kad_post_header":false,"_kad_post_footer":false,"_kad_post_classname":"","footnotes":""},"class_list":["post-3422","page","type-page","status-publish","hentry"],"taxonomy_info":[],"featured_image_src_large":false,"author_info":{"display_name":"schluetersche","author_link":"https:\/\/www.markusklingenberg.de\/en\/author\/schluetersche\/"},"comment_info":0,"_links":{"self":[{"href":"https:\/\/www.markusklingenberg.de\/en\/wp-json\/wp\/v2\/pages\/3422","targetHints":{"allow":["GET"]}}],"collection":[{"href":"https:\/\/www.markusklingenberg.de\/en\/wp-json\/wp\/v2\/pages"}],"about":[{"href":"https:\/\/www.markusklingenberg.de\/en\/wp-json\/wp\/v2\/types\/page"}],"author":[{"embeddable":true,"href":"https:\/\/www.markusklingenberg.de\/en\/wp-json\/wp\/v2\/users\/1"}],"replies":[{"embeddable":true,"href":"https:\/\/www.markusklingenberg.de\/en\/wp-json\/wp\/v2\/comments?post=3422"}],"version-history":[{"count":2,"href":"https:\/\/www.markusklingenberg.de\/en\/wp-json\/wp\/v2\/pages\/3422\/revisions"}],"predecessor-version":[{"id":3668,"href":"https:\/\/www.markusklingenberg.de\/en\/wp-json\/wp\/v2\/pages\/3422\/revisions\/3668"}],"wp:attachment":[{"href":"https:\/\/www.markusklingenberg.de\/en\/wp-json\/wp\/v2\/media?parent=3422"}],"curies":[{"name":"wp","href":"https:\/\/api.w.org\/{rel}","templated":true}]}}